{"id":61,"date":"2023-04-22T04:12:49","date_gmt":"2023-04-22T04:12:49","guid":{"rendered":"https:\/\/c-telli.ch\/?page_id=61"},"modified":"2023-04-23T02:58:45","modified_gmt":"2023-04-23T02:58:45","slug":"kunst","status":"publish","type":"page","link":"https:\/\/c-telli.ch\/?page_id=61","title":{"rendered":"Kunst"},"content":{"rendered":"\n<p><\/p>\n\n\n\n<p>Kunst ist f\u00fcr mich eine M\u00f6glichkeit, mit Geb\u00e4uden in Kontakt zu treten, einen Moment konzentriert zu verweilen, die Stimmung eines Orts zu erfassen und etwas aufs Papier zu bannen, dass in Erinnerung bleibt<\/p>\n","protected":false},"excerpt":{"rendered":"<p>Kunst ist f\u00fcr mich eine M\u00f6glichkeit, mit Geb\u00e4uden in Kontakt zu treten, einen Moment konzentriert zu verweilen, die Stimmung eines Orts zu erfassen und etwas aufs Papier zu bannen, dass in Erinnerung bleibt<\/p>\n","protected":false},"author":1,"featured_media":0,"parent":0,"menu_order":0,"comment_status":"closed","ping_status":"closed","template":"","meta":{"footnotes":""},"_links":{"self":[{"href":"https:\/\/c-telli.ch\/index.php?rest_route=\/wp\/v2\/pages\/61"}],"collection":[{"href":"https:\/\/c-telli.ch\/index.php?rest_route=\/wp\/v2\/pages"}],"about":[{"href":"https:\/\/c-telli.ch\/index.php?rest_route=\/wp\/v2\/types\/page"}],"author":[{"embeddable":true,"href":"https:\/\/c-telli.ch\/index.php?rest_route=\/wp\/v2\/users\/1"}],"replies":[{"embeddable":true,"href":"https:\/\/c-telli.ch\/index.php?rest_route=%2Fwp%2Fv2%2Fcomments&post=61"}],"version-history":[{"count":3,"href":"https:\/\/c-telli.ch\/index.php?rest_route=\/wp\/v2\/pages\/61\/revisions"}],"predecessor-version":[{"id":111,"href":"https:\/\/c-telli.ch\/index.php?rest_route=\/wp\/v2\/pages\/61\/revisions\/111"}],"wp:attachment":[{"href":"https:\/\/c-telli.ch\/index.php?rest_route=%2Fwp%2Fv2%2Fmedia&parent=61"}],"curies":[{"name":"wp","href":"https:\/\/api.w.org\/{rel}","templated":true}]}}