{"id":2,"date":"2016-05-10T03:48:21","date_gmt":"2016-05-10T03:48:21","guid":{"rendered":"http:\/\/c-telli.ch\/?page_id=2"},"modified":"2023-04-23T02:54:28","modified_gmt":"2023-04-23T02:54:28","slug":"sample-page","status":"publish","type":"page","link":"https:\/\/c-telli.ch\/","title":{"rendered":"Philosophie"},"content":{"rendered":"<div class=\"wp-block-image is-style-default\">\n<figure class=\"alignleft size-full\"><img loading=\"lazy\" decoding=\"async\" width=\"280\" height=\"201\" src=\"https:\/\/c-telli.ch\/wp-content\/uploads\/2023\/04\/1504589615.jpg\" alt=\"\" class=\"wp-image-106\"\/><\/figure><\/div>\n\n\n<p>Schon als Kind entfaltete sich mein Flair f\u00fcr Gestaltung und Design. Diese Leidenschaft vertiefte ich an der Kunsthochschule. Doch faszinierte mich immer die Verkn\u00fcpfung von Kunst zur Architektur und Bautechnik. Diese Verbindung intensivierte ich w\u00e4hrend meiner Lehre als Hochbauzeichner wie auch w\u00e4hrend meines Architekturstudiums. Mein verborgenes Talent f\u00fcr die Betriebswirtschaft kristallisierte sich im Laufe meines beruflichen Werdegangs heraus, welche ich durch ein Studium vertiefte. Diese Kombination untermauerte meine Kompetenzen und \u00f6ffnete mir Wege neue anspruchsvolle sowie interessante Projekte im nationalen aber auch internationalen Umfeld zu realisieren.<\/p>\n","protected":false},"excerpt":{"rendered":"<p>Schon als Kind entfaltete sich mein Flair f\u00fcr Gestaltung und Design. Diese Leidenschaft vertiefte ich an der Kunsthochschule. Doch faszinierte mich immer die Verkn\u00fcpfung von Kunst zur Architektur und Bautechnik. Diese Verbindung intensivierte ich w\u00e4hrend meiner Lehre als Hochbauzeichner wie auch w\u00e4hrend meines Architekturstudiums. Mein verborgenes Talent f\u00fcr die Betriebswirtschaft kristallisierte sich im Laufe meines [&hellip;]<\/p>\n","protected":false},"author":1,"featured_media":0,"parent":0,"menu_order":0,"comment_status":"closed","ping_status":"closed","template":"","meta":{"footnotes":""},"_links":{"self":[{"href":"https:\/\/c-telli.ch\/index.php?rest_route=\/wp\/v2\/pages\/2"}],"collection":[{"href":"https:\/\/c-telli.ch\/index.php?rest_route=\/wp\/v2\/pages"}],"about":[{"href":"https:\/\/c-telli.ch\/index.php?rest_route=\/wp\/v2\/types\/page"}],"author":[{"embeddable":true,"href":"https:\/\/c-telli.ch\/index.php?rest_route=\/wp\/v2\/users\/1"}],"replies":[{"embeddable":true,"href":"https:\/\/c-telli.ch\/index.php?rest_route=%2Fwp%2Fv2%2Fcomments&post=2"}],"version-history":[{"count":5,"href":"https:\/\/c-telli.ch\/index.php?rest_route=\/wp\/v2\/pages\/2\/revisions"}],"predecessor-version":[{"id":109,"href":"https:\/\/c-telli.ch\/index.php?rest_route=\/wp\/v2\/pages\/2\/revisions\/109"}],"wp:attachment":[{"href":"https:\/\/c-telli.ch\/index.php?rest_route=%2Fwp%2Fv2%2Fmedia&parent=2"}],"curies":[{"name":"wp","href":"https:\/\/api.w.org\/{rel}","templated":true}]}}